{"id":5297,"date":"2026-05-15T09:06:46","date_gmt":"2026-05-15T09:06:46","guid":{"rendered":"https:\/\/crosstheline.com.tr\/?page_id=5297"},"modified":"2026-05-15T12:54:54","modified_gmt":"2026-05-15T12:54:54","slug":"maintenance-page","status":"publish","type":"page","link":"https:\/\/crosstheline.com.tr\/","title":{"rendered":"Maintenance Page"},"content":{"rendered":"<div class=\"wpb-content-wrapper\"><p>[vc_row css=&#8221;.vc_custom_1778845682711{padding-top: 250px !important;}&#8221;][vc_column][vc_column_text css=&#8221;&#8221;]<\/p>\n<div id=\"custom-social-area\" style=\"text-align: center; padding: 40px 20px; width: 100%;\">\n<h1 style=\"font-family: 'DM Serif Display', serif; font-size: 48px; margin-bottom: 20px; color: #000; line-height: 1.2;\">YAKINDA H\u0130ZMET\u0130N\u0130ZDEY\u0130Z<\/h1>\n<p style=\"font-family: 'DM Sans', sans-serif; font-size: 18px; margin-bottom: 40px; color: #333;\">Ziyaretiniz i\u00e7in te\u015fekk\u00fcrler! Haz\u0131rl\u0131klar\u0131m\u0131z devam ederken,<br \/>\nyay\u0131na ne zaman ge\u00e7ece\u011fimizi \u00f6\u011frenmek i\u00e7in bizi sosyal medyada takip etmeyi unutmay\u0131n!<\/p>\n<div style=\"display: block; text-align: center;\">\n<div style=\"display: inline-flex; justify-content: center; align-items: center; gap: 30px;\">\n<p><a style=\"display: inline-block; text-decoration: none;\" href=\"https:\/\/www.linkedin.com\/company\/crossthelinecomtr\/\" target=\"_blank\" rel=\"noopener noreferrer\"><\/p>\n<p><\/a><\/p>\n<p><a style=\"display: inline-block; text-decoration: none;\" href=\"https:\/\/www.instagram.com\/crossthelinecomtr\/\" target=\"_blank\" rel=\"noopener noreferrer\"><\/p>\n<p><\/a><\/p>\n<p><a style=\"display: inline-block; text-decoration: none;\" href=\"https:\/\/www.facebook.com\/crossthelinecomtr\/\" target=\"_blank\" rel=\"noopener noreferrer\"><\/p>\n<p><\/a><\/p>\n<\/div>\n<\/div>\n<\/div>\n<style>\n\/* WordPress'in otomatik ekledi\u011fi p ve br etiketlerini bu alanda etkisizle\u015ftiriyoruz *\/<br \/>\n#custom-social-area p { margin-bottom: 20px !important; }<br \/>\n#custom-social-area br { display: none !important; }<br \/>\n#custom-social-area a br { display: none !important; }<br \/>\n<\/style>\n<p>[\/vc_column_text][\/vc_column][\/vc_row]<\/p>\n<\/div>","protected":false},"excerpt":{"rendered":"<p>[vc_row css=&#8221;.vc_custom_1778845682711{padding-top: 250px !important;}&#8221;][vc_column][vc_column_text css=&#8221;&#8221;] YAKINDA H\u0130ZMET\u0130N\u0130ZDEY\u0130Z Ziyaretiniz i\u00e7in te\u015fekk\u00fcrler! Haz\u0131rl\u0131klar\u0131m\u0131z devam ederken, yay\u0131na ne zaman ge\u00e7ece\u011fimizi \u00f6\u011frenmek i\u00e7in bizi sosyal medyada takip etmeyi unutmay\u0131n! [\/vc_column_text][\/vc_column][\/vc_row]<\/p>\n","protected":false},"author":1,"featured_media":0,"parent":0,"menu_order":0,"comment_status":"closed","ping_status":"closed","template":"templates\/wpmm-page-template.php","meta":{"_themeisle_gutenberg_block_has_review":false,"footnotes":""},"class_list":["post-5297","page","type-page","status-publish","hentry"],"_links":{"self":[{"href":"https:\/\/crosstheline.com.tr\/index.php?rest_route=\/wp\/v2\/pages\/5297","targetHints":{"allow":["GET"]}}],"collection":[{"href":"https:\/\/crosstheline.com.tr\/index.php?rest_route=\/wp\/v2\/pages"}],"about":[{"href":"https:\/\/crosstheline.com.tr\/index.php?rest_route=\/wp\/v2\/types\/page"}],"author":[{"embeddable":true,"href":"https:\/\/crosstheline.com.tr\/index.php?rest_route=\/wp\/v2\/users\/1"}],"replies":[{"embeddable":true,"href":"https:\/\/crosstheline.com.tr\/index.php?rest_route=%2Fwp%2Fv2%2Fcomments&post=5297"}],"version-history":[{"count":42,"href":"https:\/\/crosstheline.com.tr\/index.php?rest_route=\/wp\/v2\/pages\/5297\/revisions"}],"predecessor-version":[{"id":5345,"href":"https:\/\/crosstheline.com.tr\/index.php?rest_route=\/wp\/v2\/pages\/5297\/revisions\/5345"}],"wp:attachment":[{"href":"https:\/\/crosstheline.com.tr\/index.php?rest_route=%2Fwp%2Fv2%2Fmedia&parent=5297"}],"curies":[{"name":"wp","href":"https:\/\/api.w.org\/{rel}","templated":true}]}}